{"id":44,"date":"2017-12-02T16:03:05","date_gmt":"2017-12-02T16:03:05","guid":{"rendered":"http:\/\/chaperon.be\/?page_id=44"},"modified":"2026-03-13T14:45:30","modified_gmt":"2026-03-13T14:45:30","slug":"discover-the-area","status":"publish","type":"page","link":"https:\/\/lamaisondulac.eu\/index.php\/discover-the-area\/","title":{"rendered":"Discover the area"},"content":{"rendered":"<div id=\"pl-44\"  class=\"panel-layout\" ><div id=\"pg-44-0\"  class=\"panel-grid panel-no-style\" ><div id=\"pgc-44-0-0\"  class=\"panel-grid-cell\" ><div id=\"panel-44-0-0-0\" class=\"so-panel widget widget_sow-editor panel-first-child panel-last-child\" data-index=\"0\" ><div\n\t\t\t\n\t\t\tclass=\"so-widget-sow-editor so-widget-sow-editor-base\"\n\t\t\t\n\t\t>\n<div class=\"siteorigin-widget-tinymce textwidget\">\n\t<p><a href=\"https:\/\/www.google.be\/maps\/place\/32300+Estipouy,+France\/@43.5511139,0.3679394,14z\/data=!3m1!4b1!4m6!3m5!1s0x12a996b0b1b7cdb5:0x406f69c2f4105f0!8m2!3d43.549898!4d0.380247!16s%2Fm%2F03nrprr?entry=ttu&amp;g_ep=EgoyMDI2MDMxMC4wIKXMDSoASAFQAw%3D%3D\"><img loading=\"lazy\" decoding=\"async\" class=\"alignnone size-medium wp-image-337\" src=\"https:\/\/lamaisondulac.eu\/wp-content\/uploads\/2026\/03\/Ou-se-trouve-Mirande-300x130.jpg\" alt=\"\" width=\"300\" height=\"130\" srcset=\"https:\/\/lamaisondulac.eu\/wp-content\/uploads\/2026\/03\/Ou-se-trouve-Mirande-300x130.jpg 300w, https:\/\/lamaisondulac.eu\/wp-content\/uploads\/2026\/03\/Ou-se-trouve-Mirande-1024x444.jpg 1024w, https:\/\/lamaisondulac.eu\/wp-content\/uploads\/2026\/03\/Ou-se-trouve-Mirande-768x333.jpg 768w, https:\/\/lamaisondulac.eu\/wp-content\/uploads\/2026\/03\/Ou-se-trouve-Mirande.jpg 1177w\" sizes=\"auto, (max-width: 300px) 100vw, 300px\" \/><\/a><\/p>\n<\/div>\n<\/div><\/div><\/div><div id=\"pgc-44-0-1\"  class=\"panel-grid-cell\" ><div id=\"panel-44-0-1-0\" class=\"so-panel widget widget_sow-editor panel-first-child panel-last-child\" data-index=\"1\" ><div\n\t\t\t\n\t\t\tclass=\"so-widget-sow-editor so-widget-sow-editor-base\"\n\t\t\t\n\t\t>\n<div class=\"siteorigin-widget-tinymce textwidget\">\n\t<p><em>The area offers many tourist and family activities:<\/em><\/p>\n<ul>\n<li><a href=\"https:\/\/www.tourisme-mirande-astarac.com\/fr\/\" rel=\"noopener\">Office de Tourisme Mirande<\/a><\/li>\n<li><a href=\"https:\/\/www.mirandefestival.fr\/\" rel=\"noopener\">Mirande Country &amp; Rock Festival<\/a><\/li>\n<li><a href=\"https:\/\/www.montesquiouontherocks.fr\/programme\/\" rel=\"noopener\">Festival Montesquiou on the rocks<\/a><\/li>\n<li><a href=\"https:\/\/jazzinmarciac.com\/programmation-par-date\" rel=\"noopener\">Festival Jazz in Marciac<\/a><\/li>\n<li><a href=\"https:\/\/tempolatino.com\/\" rel=\"noopener\">Festival Tempo Latino - Vic Fezensac<\/a><\/li>\n<li><a href=\"https:\/\/www.festivaldebandas.fr\/\" rel=\"noopener\">Festival Bandas de Condom<\/a><\/li>\n<li><a href=\"http:\/\/www.bassoues.net\/\" rel=\"noopener\">Donjon de Bassoues<\/a><\/li>\n<li><a href=\"https:\/\/www.helloasso.com\/associations\/comite-des-fetes-de-l-isle-de-noe\/evenements\/feux-de-gascogne-2026\" rel=\"noopener\">Feux de Gascogne au Chateau Isle de No\u00e9<\/a><\/li>\n<li><a href=\"https:\/\/www.tourisme-mirande-astarac.com\/fr\/fiche\/patrimoine-naturel\/lac-de-mielan-mielan_TFO7152908\/\" rel=\"noopener\">Lac de Mi\u00e9lan<\/a><\/li>\n<li><a href=\"https:\/\/www.auch-tourisme.com\/\" rel=\"noopener\">Auch et sa Cath\u00e9drale<\/a><\/li>\n<li><a href=\"https:\/\/cavaleenherbes.com\/\">Balades \u00e0 Cheval<\/a><\/li>\n<li><a href=\"https:\/\/cmck-mirande.clubeo.com\/page\/tourisme.html\" rel=\"noopener\">Kayak sur la Ba\u00efse<\/a><\/li>\n<li><a href=\"https:\/\/www.golf-auch-embats.com\/\">Golf Auch d'Embats<\/a><\/li>\n<li><a href=\"https:\/\/www.planeurs.net\/\" target=\"_blank\" rel=\"noopener\">Centre Velivole d'Auch<\/a><\/li>\n<\/ul>\n<\/div>\n<\/div><\/div><\/div><\/div><\/div>","protected":false},"excerpt":{"rendered":"<p>The area offers many tourist and family activities: Office de Tourisme Mirande Mirande Country &amp; Rock Festival Festival Montesquiou on the rocks Festival Jazz in Marciac Festival Tempo Latino &#8211; Vic Fezensac Festival Bandas de Condom Donjon de Bassoues Feux de Gascogne au Chateau Isle de No\u00e9 Lac de Mi\u00e9lan Auch et sa Cath\u00e9drale Balades [&hellip;]<\/p>\n","protected":false},"author":1,"featured_media":0,"parent":0,"menu_order":0,"comment_status":"closed","ping_status":"closed","template":"template-full-width.php","meta":{"footnotes":""},"class_list":["post-44","page","type-page","status-publish","hentry"],"_links":{"self":[{"href":"https:\/\/lamaisondulac.eu\/index.php\/wp-json\/wp\/v2\/pages\/44","targetHints":{"allow":["GET"]}}],"collection":[{"href":"https:\/\/lamaisondulac.eu\/index.php\/wp-json\/wp\/v2\/pages"}],"about":[{"href":"https:\/\/lamaisondulac.eu\/index.php\/wp-json\/wp\/v2\/types\/page"}],"author":[{"embeddable":true,"href":"https:\/\/lamaisondulac.eu\/index.php\/wp-json\/wp\/v2\/users\/1"}],"replies":[{"embeddable":true,"href":"https:\/\/lamaisondulac.eu\/index.php\/wp-json\/wp\/v2\/comments?post=44"}],"version-history":[{"count":33,"href":"https:\/\/lamaisondulac.eu\/index.php\/wp-json\/wp\/v2\/pages\/44\/revisions"}],"predecessor-version":[{"id":338,"href":"https:\/\/lamaisondulac.eu\/index.php\/wp-json\/wp\/v2\/pages\/44\/revisions\/338"}],"wp:attachment":[{"href":"https:\/\/lamaisondulac.eu\/index.php\/wp-json\/wp\/v2\/media?parent=44"}],"curies":[{"name":"wp","href":"https:\/\/api.w.org\/{rel}","templated":true}]}}